{"id":9935,"date":"2021-12-03T15:07:46","date_gmt":"2021-12-03T14:07:46","guid":{"rendered":"https:\/\/www.lebertole.it\/frizzanti\/"},"modified":"2024-01-10T16:33:51","modified_gmt":"2024-01-10T15:33:51","slug":"riciclaggio-imballaggi","status":"publish","type":"page","link":"https:\/\/www.lebertole.it\/de\/riciclaggio-imballaggi\/","title":{"rendered":"Imballaggi"},"content":{"rendered":"<h1>So entsorgen Sie unsere Verpackungen<\/h1>\n<p>Auf dieser Seite finden Sie alle n\u00fctzlichen Hinweise zur getrennten Sammlung, um jede Komponente unserer Verpackungen richtig zu trennen und zu verteilen. Bitte \u00fcberpr\u00fcfen Sie auch die Bestimmungen Ihrer Gemeinde zur getrennten Sammlung.<br \/>\nWichtig: Sie m\u00fcssen das Papieretikett nicht von der Flasche trennen.<\/p>\n<h2 class=\"imballaggi-title\">Verpackungen von Schaumwein<\/h2>\n<p><!-- RIGA spumante --><\/p>\n<div class=\"imballaggi\">\n<div class=\"row\">\n<div class=\"col-md-6 col-xs-12\">\n<div class=\"media\">\n<div class=\"media-left\"><img decoding=\"async\" class=\"media-object\" style=\"width: 125px; height: auto;\" src=\"\/wp-content\/uploads\/2022\/11\/spumante_bottiglia-1.png\" alt=\"Bottiglia di vetro\" height=\"80px\" \/><\/div>\n<div class=\"media-body\"><strong>GLASFLASCHE<\/strong><br \/>\nMaterial: Glas<br \/>\nCode: GL71<br \/>\nWohin er geworfen wird: Sammeln von Glas<br \/>\n<span style=\"font-size: 8pt;\"><em><strong>\u00dcberpr\u00fcfen Sie die Bestimmungen Ihrer Gemeinde.<\/strong><\/em><\/span><\/div>\n<\/div>\n<\/div>\n<div class=\"col-md-6 col-xs-12\">\n<div class=\"media\">\n<div class=\"media-left\"><img loading=\"lazy\" decoding=\"async\" class=\"media-object\" style=\"width: 125px; height: auto;\" src=\"\/wp-content\/uploads\/2022\/11\/spumante_capsula-2.png\" alt=\"capsulone\" width=\"54\" height=\"80\" \/><\/div>\n<div class=\"media-body\" style=\"vertical-align: bottom;\"><strong>KAPSEL<\/strong><br \/>\nMaterial: Aluminium<br \/>\nCodice: C\/ALU90<br \/>\nWohin er geworfen wird: Sammlung von Aluminium<br \/>\n<span style=\"font-size: 8pt;\"><em><strong>\u00dcberpr\u00fcfen Sie die Bestimmungen Ihrer Gemeinde.<\/strong><\/em><\/span><\/div>\n<\/div>\n<\/div>\n<\/div>\n<p><!-- --><\/p>\n<div class=\"row\">\n<div class=\"col-md-6 col-xs-12\">\n<div class=\"media\">\n<div class=\"media-left\"><img loading=\"lazy\" decoding=\"async\" class=\"media-object\" style=\"width: 125px; height: auto;\" src=\"\/wp-content\/uploads\/2022\/11\/spumante_gabbietta-1.png\" alt=\"Gabbietta\" width=\"54\" height=\"80\" \/><\/div>\n<div class=\"media-body\"><strong>SICHERHEITS-ANGRAFFE<\/strong><br \/>\nMaterial: Metall<br \/>\nCode: FE40 &#8211; ALU41<br \/>\nWohin er geworfen wird: Sammeln von Metall<br \/>\n<span style=\"font-size: 8pt;\"><em><strong>\u00dcberpr\u00fcfen Sie die Bestimmungen Ihrer Gemeinde.<\/strong><\/em><\/span><\/div>\n<\/div>\n<\/div>\n<div class=\"col-md-6 col-xs-12\">\n<div class=\"media\">\n<div class=\"media-left\"><img loading=\"lazy\" decoding=\"async\" class=\"media-object\" style=\"width: 125px; height: auto;\" src=\"\/wp-content\/uploads\/2022\/11\/spumante_tappo-3.png\" alt=\"Tappo spumante\" width=\"54\" height=\"80\" \/><\/div>\n<div class=\"media-body\"><strong>STOPFEN\u00a0<\/strong><br \/>\nMaterial: Kork<br \/>\nCode: FOR51<br \/>\nWohin er geworfen wird: Organische oder getrennte Sammlung<br \/>\n<span style=\"font-size: 8pt;\"><em><strong>\u00dcberpr\u00fcfen Sie die Bestimmungen Ihrer Gemeinde.<\/strong><\/em><\/span><\/div>\n<\/div>\n<\/div>\n<\/div>\n<\/div>\n<hr \/>\n<p><!-- RIGA frizzante --><br \/>\n<!-- RIGA --><\/p>\n<h2 class=\"imballaggi-title\">Verpackungen von Perlwein<\/h2>\n<div class=\"imballaggi\">\n<div class=\"row\">\n<div class=\"col-md-6 col-xs-12\">\n<div class=\"media\">\n<div class=\"media-left\"><img decoding=\"async\" class=\"media-object\" style=\"width: 125px; height: auto;\" src=\"\/wp-content\/uploads\/2022\/11\/frizzante_bottiglia.png\" alt=\"Bottiglia di vetro\" height=\"80px\" \/><\/div>\n<div class=\"media-body\"><strong>GLASFLASCHE<\/strong><br \/>\nMaterial: Glas<br \/>\nCode: GL71<br \/>\nWohin er geworfen wird: Sammeln von Glas<br \/>\n<span style=\"font-size: 8pt;\"><em><strong>\u00dcberpr\u00fcfen Sie die Bestimmungen Ihrer Gemeinde.<\/strong><\/em><\/span><\/div>\n<\/div>\n<\/div>\n<div class=\"col-md-6 col-xs-12\">\n<div class=\"media\">\n<div class=\"media-left\"><img loading=\"lazy\" decoding=\"async\" class=\"media-object\" style=\"width: 125px; height: auto;\" src=\"\/wp-content\/uploads\/2022\/11\/frizzante_tappo.png\" alt=\"Tappo spumante\" width=\"54\" height=\"80\" \/><\/div>\n<div class=\"media-body\"><strong>KORK STOPFEN<\/strong><br \/>\nMaterial: Kork<br \/>\nCode: FOR51<br \/>\nWohin er geworfen wird: Organische oder getrennte Sammlung<br \/>\n<span style=\"font-size: 8pt;\"><em><strong>\u00dcberpr\u00fcfen Sie die Bestimmungen Ihrer Gemeinde.<\/strong><\/em><\/span><\/div>\n<\/div>\n<\/div>\n<\/div>\n<p><!-- --><\/p>\n<div class=\"row\">\n<div class=\"col-md-6 col-xs-12\">\n<div class=\"media\">\n<div class=\"media-left\"><img loading=\"lazy\" decoding=\"async\" class=\"media-object\" style=\"width: 125px; height: auto;\" src=\"\/wp-content\/uploads\/2022\/11\/frizzante_bindello.png\" alt=\"Gabbietta\" width=\"54\" height=\"80\" \/><\/div>\n<div class=\"media-body\"><strong>BINDER<\/strong><br \/>\nMaterial: Papier<br \/>\nCode: PAP22<br \/>\nWohin er geworfen wird: Sammeln von Papier<br \/>\n<span style=\"font-size: 8pt;\"><em><strong>\u00dcberpr\u00fcfen Sie die Bestimmungen Ihrer Gemeinde.<\/strong><\/em><\/span><\/div>\n<\/div>\n<\/div>\n<\/div>\n<hr \/>\n<p><!-- RIGA FERMO --><br \/>\n<!-- RIGA --><\/p>\n<h2 class=\"imballaggi-title\">Verpackungen von Stillwein<\/h2>\n<div class=\"imballaggi\">\n<div class=\"row\">\n<div class=\"col-md-6 col-xs-12\">\n<div class=\"media\">\n<div class=\"media-left\"><img decoding=\"async\" class=\"media-object\" style=\"width: 125px; height: auto;\" src=\"\/wp-content\/uploads\/2022\/11\/fermo_bottiglia.png\" alt=\"Bottiglia di vetro\" height=\"80px\" \/><\/div>\n<div class=\"media-body\"><strong>GLASFLASCHE<\/strong><br \/>\nMaterial: Glas<br \/>\nCode: GL71<br \/>\nWohin er geworfen wird: Sammeln von Glas<br \/>\n<span style=\"font-size: 8pt;\"><em><strong>\u00dcberpr\u00fcfen Sie die Bestimmungen Ihrer Gemeinde.<\/strong><\/em><\/span><\/div>\n<\/div>\n<\/div>\n<div class=\"col-md-6 col-xs-12\">\n<div class=\"media\">\n<div class=\"media-left\"><img loading=\"lazy\" decoding=\"async\" class=\"media-object\" style=\"width: 125px; height: auto;\" src=\"\/wp-content\/uploads\/2022\/11\/fermo_capsula.png\" alt=\"capsulone\" width=\"54\" height=\"80\" \/><\/div>\n<div class=\"media-body\" style=\"vertical-align: bottom;\"><strong>KAPSEL<\/strong><br \/>\nMaterial: Schrumpfende Kapsel aus PVC<br \/>\nCode: C\/PVC90<br \/>\nWohin er geworfen wird: Sammeln von Kunststoff<br \/>\n<span style=\"font-size: 8pt;\"><em><strong>\u00dcberpr\u00fcfen Sie die Bestimmungen Ihrer Gemeinde.<\/strong><\/em><\/span><\/div>\n<\/div>\n<\/div>\n<\/div>\n<p><!-- --><\/p>\n<div class=\"row\">\n<div class=\"col-md-6 col-xs-12\">\n<div class=\"media\">\n<div class=\"media-left\"><img loading=\"lazy\" decoding=\"async\" class=\"media-object\" style=\"width: 125px; height: auto;\" src=\"\/wp-content\/uploads\/2022\/11\/frizzante_tappo.png\" alt=\"Tappo spumante\" width=\"54\" height=\"80\" \/><\/div>\n<div class=\"media-body\">\n<div class=\"row\">\n<div class=\"col-md-6 col-xs-12\">\n<div class=\"media\">\n<div class=\"media-body\"><strong>KORK STOPFEN<\/strong><br \/>\nMaterial: Kork<br \/>\nCode: FOR51<br \/>\nWohin er geworfen wird: Organische oder getrennte Sammlung<br \/>\n<span style=\"font-size: 8pt;\"><em><strong>\u00dcberpr\u00fcfen Sie die Bestimmungen Ihrer Gemeinde.<\/strong><\/em><\/span><\/div>\n<\/div>\n<\/div>\n<\/div>\n<\/div>\n<\/div>\n<\/div>\n<\/div>\n<\/div>\n<hr \/>\n<p><!-- RIGA grappa --><br \/>\n<!-- RIGA --><\/p>\n<h2 class=\"imballaggi-title\">Verpackungen von Grappa<\/h2>\n<div class=\"imballaggi\">\n<div class=\"row\">\n<div class=\"col-md-6 col-xs-12\">\n<div class=\"media\">\n<div class=\"media-left\"><img decoding=\"async\" class=\"media-object\" style=\"width: 125px; height: auto;\" src=\"\/wp-content\/uploads\/2022\/11\/grappa_bottiglia.png\" alt=\"Bottiglia di vetro\" height=\"80px\" \/><\/div>\n<div class=\"media-body\"><strong>GLASFLASCHE<\/strong><br \/>\nMaterial: Glas<br \/>\nCode: GL71<br \/>\nWohin er geworfen wird: Sammeln von Glas<br \/>\n<span style=\"font-size: 8pt;\"><em><strong>\u00dcberpr\u00fcfen Sie die Bestimmungen Ihrer Gemeinde.<\/strong><\/em><\/span><\/div>\n<\/div>\n<\/div>\n<div class=\"col-md-6 col-xs-12\">\n<div class=\"media\">\n<div class=\"media-left\"><img loading=\"lazy\" decoding=\"async\" class=\"media-object\" style=\"width: 125px; height: auto;\" src=\"\/wp-content\/uploads\/2022\/11\/fermo_capsula.png\" alt=\"capsulone\" width=\"54\" height=\"80\" \/><\/div>\n<div class=\"media-body\" style=\"vertical-align: bottom;\"><strong>KAPSEL<\/strong><br \/>\nMaterial: Schrumpfende Kapsel aus PVC<br \/>\nCode: C\/PVC90<br \/>\nWohin er geworfen wird: Sammeln von Kunststoff<br \/>\n<span style=\"font-size: 8pt;\"><em><strong>\u00dcberpr\u00fcfen Sie die Bestimmungen Ihrer Gemeinde.<\/strong><\/em><\/span><\/div>\n<\/div>\n<\/div>\n<\/div>\n<p><!-- --><\/p>\n<div class=\"row\">\n<div class=\"col-md-6 col-xs-12\">\n<div class=\"media\">\n<div class=\"media-left\"><img loading=\"lazy\" decoding=\"async\" class=\"media-object\" style=\"width: 125px; height: auto;\" src=\"\/wp-content\/uploads\/2022\/11\/frizzante_tappo.png\" alt=\"Tappo spumante\" width=\"54\" height=\"80\" \/><\/div>\n<div class=\"media-body\"><strong>SILIKONKAPPE<\/strong><br \/>\nMaterial: Synthetische Kappe<br \/>\nCode: LDPE4<br \/>\nWohin er geworfen wird: Sammeln von Kunststoff<br \/>\n<span style=\"font-size: 8pt;\"><em><strong>\u00dcberpr\u00fcfen Sie die Bestimmungen Ihrer Gemeinde.<\/strong><\/em><\/span><\/div>\n<\/div>\n<\/div>\n<\/div>\n<\/div>\n<hr \/>\n<p><!-- CARTONE --><\/p>\n<h2 class=\"imballaggi-title\">Kartonverpackungen<\/h2>\n<div class=\"imballaggi\">\n<div class=\"row\">\n<div class=\"col-md-6 col-xs-12\">\n<div class=\"media\">\n<div class=\"media-left\"><img loading=\"lazy\" decoding=\"async\" class=\"media-object\" style=\"width: 125px; height: auto;\" src=\"\/wp-content\/uploads\/2022\/11\/scatola.png\" alt=\"Scatola\" width=\"54\" height=\"80\" \/><\/div>\n<div class=\"media-body\"><em>Karton mit 6 Flaschen<\/em><strong><br \/>\nKARTON<\/strong><br \/>\nMaterial: Karton<br \/>\nCode: PAP20<br \/>\nWohin er geworfen wird: Sammeln von Papier<br \/>\n<span style=\"font-size: 8pt;\"><em><strong>\u00dcberpr\u00fcfen Sie die Bestimmungen Ihrer Gemeinde.<\/strong><\/em><\/span><\/div>\n<\/div>\n<\/div>\n<div class=\"col-md-6 col-xs-12\">\n<div class=\"media\">\n<div class=\"media-left\"><img loading=\"lazy\" decoding=\"async\" class=\"media-object\" style=\"width: 125px; height: auto;\" src=\"\/wp-content\/uploads\/2022\/11\/alveare.png\" alt=\"Alveare\" width=\"54\" height=\"80\" \/><\/div>\n<div class=\"media-body\"><strong>KARTONBIENENSTOCK<\/strong><br \/>\nMaterial: Karton gespannt<br \/>\nCode: PAP21<br \/>\nWohin er geworfen wird: Sammeln von Papier<br \/>\n<span style=\"font-size: 8pt;\"><em><strong>\u00dcberpr\u00fcfen Sie die Bestimmungen Ihrer Gemeinde.<\/strong><\/em><\/span><\/div>\n<\/div>\n<\/div>\n<\/div>\n<p><!-- --><\/p>\n<div class=\"row\">\n<div class=\"col-md-6 col-xs-12\">\n<div class=\"media\">\n<div class=\"media-left\"><img loading=\"lazy\" decoding=\"async\" class=\"media-object\" style=\"width: 125px; height: auto;\" src=\"\/wp-content\/uploads\/2022\/11\/veline.png\" alt=\"Velina\" width=\"54\" height=\"80\" \/><\/div>\n<div class=\"media-body\"><em>Seidenpapier<\/em><strong><br \/>\nSEIDENPAPIER<\/strong><br \/>\nMaterial: Papier<br \/>\nCode: PAP22<br \/>\nWohin er geworfen wird: Sammeln von Papier<br \/>\n<span style=\"font-size: 8pt;\"><em><strong>\u00dcberpr\u00fcfen Sie die Bestimmungen Ihrer Gemeinde.<\/strong><\/em><\/span><\/div>\n<\/div>\n<\/div>\n<div class=\"col-md-6 col-xs-12\">\n<div class=\"media\">\n<div class=\"media-left\"><img loading=\"lazy\" decoding=\"async\" class=\"media-object\" style=\"width: 125px; height: auto;\" src=\"\/wp-content\/uploads\/2022\/11\/astuccio.png\" alt=\"Valigetta\" width=\"54\" height=\"80\" \/><\/div>\n<div class=\"media-body\"><em><br \/>\n<\/em><strong>FALTSCHACHTELN<\/strong><br \/>\nMaterial: Karton<br \/>\nCode: PAP20<br \/>\nWohin er geworfen wird: Sammeln von Papier<br \/>\n<span style=\"font-size: 8pt;\"><em><strong>\u00dcberpr\u00fcfen Sie die Bestimmungen Ihrer Gemeinde.<\/strong><\/em><\/span><\/div>\n<\/div>\n<\/div>\n<\/div>\n<\/div>\n<hr \/>\n<p><!-- CASSETTA LEGNO --><\/p>\n<h2 class=\"imballaggi-title\">Holzverpackungen<\/h2>\n<div class=\"imballaggi\">\n<div class=\"row\">\n<div class=\"col-md-6 col-xs-12\">\n<div class=\"media\">\n<div class=\"media-left\"><img loading=\"lazy\" decoding=\"async\" class=\"media-object\" style=\"width: 125px; height: auto;\" src=\"\/wp-content\/uploads\/2022\/11\/cassettalegno.png\" alt=\"scatola di legno\" width=\"54\" height=\"80\" \/><\/div>\n<div class=\"media-body\"><strong>HOLZBOX<\/strong><br \/>\nMaterial: Holz<br \/>\nCode: FOR50<br \/>\nWohin er geworfen wird: getrennte Sammlung<br \/>\n<span style=\"font-size: 8pt;\"><em><strong>\u00dcberpr\u00fcfen Sie die Bestimmungen Ihrer Gemeinde.<\/strong><\/em><\/span><\/div>\n<\/div>\n<\/div>\n<\/div>\n<\/div>\n<\/div>\n","protected":false},"excerpt":{"rendered":"<p>So entsorgen Sie unsere Verpackungen Auf dieser Seite finden Sie alle n\u00fctzlichen Hinweise zur getrennten Sammlung, um jede Komponente unserer Verpackungen richtig zu trennen und zu verteilen. Bitte \u00fcberpr\u00fcfen Sie auch die Bestimmungen Ihrer Gemeinde zur getrennten Sammlung. Wichtig: Sie m\u00fcssen das Papieretikett nicht von der Flasche trennen. Verpackungen von Schaumwein GLASFLASCHE Material: Glas Code: [&hellip;]<\/p>\n","protected":false},"author":2,"featured_media":0,"parent":0,"menu_order":0,"comment_status":"closed","ping_status":"closed","template":"landingpage.php","meta":{"_acf_changed":false,"footnotes":""},"class_list":["post-9935","page","type-page","status-publish","hentry"],"acf":[],"yoast_head":"<!-- This site is optimized with the Yoast SEO plugin v27.4 - https:\/\/yoast.com\/product\/yoast-seo-wordpress\/ -->\n<title>Imballaggi | LE BERTOLE | Valdobbiadene DOCG<\/title>\n<meta name=\"robots\" content=\"index, follow, max-snippet:-1, max-image-preview:large, max-video-preview:-1\" \/>\n<link rel=\"canonical\" href=\"https:\/\/www.lebertole.it\/de\/riciclaggio-imballaggi\/\" \/>\n<meta property=\"og:locale\" content=\"de_DE\" \/>\n<meta property=\"og:type\" content=\"article\" \/>\n<meta property=\"og:title\" content=\"Imballaggi | LE BERTOLE | Valdobbiadene DOCG\" \/>\n<meta property=\"og:description\" content=\"So entsorgen Sie unsere Verpackungen Auf dieser Seite finden Sie alle n\u00fctzlichen Hinweise zur getrennten Sammlung, um jede Komponente unserer Verpackungen richtig zu trennen und zu verteilen. Bitte \u00fcberpr\u00fcfen Sie auch die Bestimmungen Ihrer Gemeinde zur getrennten Sammlung. Wichtig: Sie m\u00fcssen das Papieretikett nicht von der Flasche trennen. Verpackungen von Schaumwein GLASFLASCHE Material: Glas Code: [&hellip;]\" \/>\n<meta property=\"og:url\" content=\"https:\/\/www.lebertole.it\/de\/riciclaggio-imballaggi\/\" \/>\n<meta property=\"og:site_name\" content=\"LE BERTOLE | Valdobbiadene DOCG\" \/>\n<meta property=\"article:publisher\" content=\"https:\/\/www.facebook.com\/lebertole\/\" \/>\n<meta property=\"article:modified_time\" content=\"2024-01-10T15:33:51+00:00\" \/>\n<meta name=\"twitter:card\" content=\"summary_large_image\" \/>\n<meta name=\"twitter:label1\" content=\"Gesch\u00e4tzte Lesezeit\" \/>\n\t<meta name=\"twitter:data1\" content=\"6\u00a0Minuten\" \/>\n<script type=\"application\/ld+json\" class=\"yoast-schema-graph\">{\"@context\":\"https:\\\/\\\/schema.org\",\"@graph\":[{\"@type\":\"WebPage\",\"@id\":\"https:\\\/\\\/www.lebertole.it\\\/de\\\/riciclaggio-imballaggi\\\/\",\"url\":\"https:\\\/\\\/www.lebertole.it\\\/de\\\/riciclaggio-imballaggi\\\/\",\"name\":\"Imballaggi | LE BERTOLE | Valdobbiadene DOCG\",\"isPartOf\":{\"@id\":\"https:\\\/\\\/www.lebertole.it\\\/#website\"},\"datePublished\":\"2021-12-03T14:07:46+00:00\",\"dateModified\":\"2024-01-10T15:33:51+00:00\",\"breadcrumb\":{\"@id\":\"https:\\\/\\\/www.lebertole.it\\\/de\\\/riciclaggio-imballaggi\\\/#breadcrumb\"},\"inLanguage\":\"de\",\"potentialAction\":[{\"@type\":\"ReadAction\",\"target\":[\"https:\\\/\\\/www.lebertole.it\\\/de\\\/riciclaggio-imballaggi\\\/\"]}]},{\"@type\":\"BreadcrumbList\",\"@id\":\"https:\\\/\\\/www.lebertole.it\\\/de\\\/riciclaggio-imballaggi\\\/#breadcrumb\",\"itemListElement\":[{\"@type\":\"ListItem\",\"position\":1,\"name\":\"Home\",\"item\":\"https:\\\/\\\/www.lebertole.it\\\/de\\\/\"},{\"@type\":\"ListItem\",\"position\":2,\"name\":\"Imballaggi\"}]},{\"@type\":\"WebSite\",\"@id\":\"https:\\\/\\\/www.lebertole.it\\\/#website\",\"url\":\"https:\\\/\\\/www.lebertole.it\\\/\",\"name\":\"Le Bertole | Prosecco Valdobbiadene DOCG\",\"description\":\"L&#039;Arte di fare il vino\",\"publisher\":{\"@id\":\"https:\\\/\\\/www.lebertole.it\\\/#organization\"},\"potentialAction\":[{\"@type\":\"SearchAction\",\"target\":{\"@type\":\"EntryPoint\",\"urlTemplate\":\"https:\\\/\\\/www.lebertole.it\\\/?s={search_term_string}\"},\"query-input\":{\"@type\":\"PropertyValueSpecification\",\"valueRequired\":true,\"valueName\":\"search_term_string\"}}],\"inLanguage\":\"de\"},{\"@type\":\"Organization\",\"@id\":\"https:\\\/\\\/www.lebertole.it\\\/#organization\",\"name\":\"Le Bertole\",\"url\":\"https:\\\/\\\/www.lebertole.it\\\/\",\"logo\":{\"@type\":\"ImageObject\",\"inLanguage\":\"de\",\"@id\":\"https:\\\/\\\/www.lebertole.it\\\/#\\\/schema\\\/logo\\\/image\\\/\",\"url\":\"https:\\\/\\\/www.lebertole.it\\\/wp-content\\\/uploads\\\/2019\\\/07\\\/LeBertoleLogoCassetta.jpg\",\"contentUrl\":\"https:\\\/\\\/www.lebertole.it\\\/wp-content\\\/uploads\\\/2019\\\/07\\\/LeBertoleLogoCassetta.jpg\",\"width\":1370,\"height\":243,\"caption\":\"Le Bertole\"},\"image\":{\"@id\":\"https:\\\/\\\/www.lebertole.it\\\/#\\\/schema\\\/logo\\\/image\\\/\"},\"sameAs\":[\"https:\\\/\\\/www.facebook.com\\\/lebertole\\\/\",\"https:\\\/\\\/www.instagram.com\\\/le_bertole_valdobbiadene_docg\\\/\"]}]}<\/script>\n<!-- \/ Yoast SEO plugin. -->","yoast_head_json":{"title":"Imballaggi | LE BERTOLE | Valdobbiadene DOCG","robots":{"index":"index","follow":"follow","max-snippet":"max-snippet:-1","max-image-preview":"max-image-preview:large","max-video-preview":"max-video-preview:-1"},"canonical":"https:\/\/www.lebertole.it\/de\/riciclaggio-imballaggi\/","og_locale":"de_DE","og_type":"article","og_title":"Imballaggi | LE BERTOLE | Valdobbiadene DOCG","og_description":"So entsorgen Sie unsere Verpackungen Auf dieser Seite finden Sie alle n\u00fctzlichen Hinweise zur getrennten Sammlung, um jede Komponente unserer Verpackungen richtig zu trennen und zu verteilen. Bitte \u00fcberpr\u00fcfen Sie auch die Bestimmungen Ihrer Gemeinde zur getrennten Sammlung. Wichtig: Sie m\u00fcssen das Papieretikett nicht von der Flasche trennen. Verpackungen von Schaumwein GLASFLASCHE Material: Glas Code: [&hellip;]","og_url":"https:\/\/www.lebertole.it\/de\/riciclaggio-imballaggi\/","og_site_name":"LE BERTOLE | Valdobbiadene DOCG","article_publisher":"https:\/\/www.facebook.com\/lebertole\/","article_modified_time":"2024-01-10T15:33:51+00:00","twitter_card":"summary_large_image","twitter_misc":{"Gesch\u00e4tzte Lesezeit":"6\u00a0Minuten"},"schema":{"@context":"https:\/\/schema.org","@graph":[{"@type":"WebPage","@id":"https:\/\/www.lebertole.it\/de\/riciclaggio-imballaggi\/","url":"https:\/\/www.lebertole.it\/de\/riciclaggio-imballaggi\/","name":"Imballaggi | LE BERTOLE | Valdobbiadene DOCG","isPartOf":{"@id":"https:\/\/www.lebertole.it\/#website"},"datePublished":"2021-12-03T14:07:46+00:00","dateModified":"2024-01-10T15:33:51+00:00","breadcrumb":{"@id":"https:\/\/www.lebertole.it\/de\/riciclaggio-imballaggi\/#breadcrumb"},"inLanguage":"de","potentialAction":[{"@type":"ReadAction","target":["https:\/\/www.lebertole.it\/de\/riciclaggio-imballaggi\/"]}]},{"@type":"BreadcrumbList","@id":"https:\/\/www.lebertole.it\/de\/riciclaggio-imballaggi\/#breadcrumb","itemListElement":[{"@type":"ListItem","position":1,"name":"Home","item":"https:\/\/www.lebertole.it\/de\/"},{"@type":"ListItem","position":2,"name":"Imballaggi"}]},{"@type":"WebSite","@id":"https:\/\/www.lebertole.it\/#website","url":"https:\/\/www.lebertole.it\/","name":"Le Bertole | Prosecco Valdobbiadene DOCG","description":"L&#039;Arte di fare il vino","publisher":{"@id":"https:\/\/www.lebertole.it\/#organization"},"potentialAction":[{"@type":"SearchAction","target":{"@type":"EntryPoint","urlTemplate":"https:\/\/www.lebertole.it\/?s={search_term_string}"},"query-input":{"@type":"PropertyValueSpecification","valueRequired":true,"valueName":"search_term_string"}}],"inLanguage":"de"},{"@type":"Organization","@id":"https:\/\/www.lebertole.it\/#organization","name":"Le Bertole","url":"https:\/\/www.lebertole.it\/","logo":{"@type":"ImageObject","inLanguage":"de","@id":"https:\/\/www.lebertole.it\/#\/schema\/logo\/image\/","url":"https:\/\/www.lebertole.it\/wp-content\/uploads\/2019\/07\/LeBertoleLogoCassetta.jpg","contentUrl":"https:\/\/www.lebertole.it\/wp-content\/uploads\/2019\/07\/LeBertoleLogoCassetta.jpg","width":1370,"height":243,"caption":"Le Bertole"},"image":{"@id":"https:\/\/www.lebertole.it\/#\/schema\/logo\/image\/"},"sameAs":["https:\/\/www.facebook.com\/lebertole\/","https:\/\/www.instagram.com\/le_bertole_valdobbiadene_docg\/"]}]}},"_links":{"self":[{"href":"https:\/\/www.lebertole.it\/de\/wp-json\/wp\/v2\/pages\/9935","targetHints":{"allow":["GET"]}}],"collection":[{"href":"https:\/\/www.lebertole.it\/de\/wp-json\/wp\/v2\/pages"}],"about":[{"href":"https:\/\/www.lebertole.it\/de\/wp-json\/wp\/v2\/types\/page"}],"author":[{"embeddable":true,"href":"https:\/\/www.lebertole.it\/de\/wp-json\/wp\/v2\/users\/2"}],"replies":[{"embeddable":true,"href":"https:\/\/www.lebertole.it\/de\/wp-json\/wp\/v2\/comments?post=9935"}],"version-history":[{"count":3,"href":"https:\/\/www.lebertole.it\/de\/wp-json\/wp\/v2\/pages\/9935\/revisions"}],"predecessor-version":[{"id":10212,"href":"https:\/\/www.lebertole.it\/de\/wp-json\/wp\/v2\/pages\/9935\/revisions\/10212"}],"wp:attachment":[{"href":"https:\/\/www.lebertole.it\/de\/wp-json\/wp\/v2\/media?parent=9935"}],"curies":[{"name":"wp","href":"https:\/\/api.w.org\/{rel}","templated":true}]}}